{"id":19,"date":"2024-03-03T09:48:02","date_gmt":"2024-03-03T09:48:02","guid":{"rendered":"http:\/\/193.194.89.189\/lsei_wp\/?page_id=19"},"modified":"2025-09-14T10:03:15","modified_gmt":"2025-09-14T10:03:15","slug":"conception-des-machines-electriques-cme","status":"publish","type":"page","link":"https:\/\/lsei.usthb.dz\/index.php\/conception-des-machines-electriques-cme\/","title":{"rendered":"Equipe 5\u00a0: Conception des machines \u00e9lectriques (CME)"},"content":{"rendered":"\n<p>L\u2019\u00e9quipe conception machines \u00e9lectriques s\u2019est investie sur les axes de recherches suivants :<\/p>\n\n\n\n<ul class=\"wp-block-list\">\n<li>Etude et r\u00e9alisation de nouvelles structures de machines \u00e9lectriques \u00e0 flux \u00e0 axial et radial d\u00e9stin\u00e9es \u00e0 la traction et aux \u00e9oliennes \u00e0 direct drive ;<\/li>\n\n\n\n<li>Dispositifs de chauffage \u00e0 induction et d\u2019actionneurs \u00e9lectromagn\u00e9tiques ;<\/li>\n\n\n\n<li>R\u00e9alisation des dispositifs de chauffage \u00e0 induction \u00e0 base d\u2019inducteurs \u00e0 aimants permanents et \u00e0 bobine supraconductrice ;<\/li>\n\n\n\n<li>Mise au point de bancs d\u2019essais pour machine \u00e0 induction polyphas\u00e9es et pour moteur synchrone \u00e0 aimants \u00e0 d\u00e9marrage direct ;<\/li>\n\n\n\n<li>Diagnostics des d\u00e9fauts des machines synchrones et asynchrones multiphas\u00e9es.<\/li>\n<\/ul>\n\n\n\n<p><strong>Membres<\/strong> : 3 Professeurs, 7 MCB, 2 MAA<\/p>\n\n\n\n<p><strong>Chef d\u2019\u00e9quipe\u00a0:<\/strong> Prof. Youcef OUAZIR<\/p>\n\n\n\n<p><\/p>\n","protected":false},"excerpt":{"rendered":"<p>L\u2019\u00e9quipe conception machines \u00e9lectriques s\u2019est investie sur les axes de <span class=\"readmore\"><a href=\"https:\/\/lsei.usthb.dz\/index.php\/conception-des-machines-electriques-cme\/\"><\/a><\/span><\/p>\n","protected":false},"author":1,"featured_media":117,"parent":0,"menu_order":0,"comment_status":"closed","ping_status":"closed","template":"","meta":{"footnotes":""},"class_list":["post-19","page","type-page","status-publish","has-post-thumbnail","hentry"],"_links":{"self":[{"href":"https:\/\/lsei.usthb.dz\/index.php\/wp-json\/wp\/v2\/pages\/19","targetHints":{"allow":["GET"]}}],"collection":[{"href":"https:\/\/lsei.usthb.dz\/index.php\/wp-json\/wp\/v2\/pages"}],"about":[{"href":"https:\/\/lsei.usthb.dz\/index.php\/wp-json\/wp\/v2\/types\/page"}],"author":[{"embeddable":true,"href":"https:\/\/lsei.usthb.dz\/index.php\/wp-json\/wp\/v2\/users\/1"}],"replies":[{"embeddable":true,"href":"https:\/\/lsei.usthb.dz\/index.php\/wp-json\/wp\/v2\/comments?post=19"}],"version-history":[{"count":7,"href":"https:\/\/lsei.usthb.dz\/index.php\/wp-json\/wp\/v2\/pages\/19\/revisions"}],"predecessor-version":[{"id":469,"href":"https:\/\/lsei.usthb.dz\/index.php\/wp-json\/wp\/v2\/pages\/19\/revisions\/469"}],"wp:featuredmedia":[{"embeddable":true,"href":"https:\/\/lsei.usthb.dz\/index.php\/wp-json\/wp\/v2\/media\/117"}],"wp:attachment":[{"href":"https:\/\/lsei.usthb.dz\/index.php\/wp-json\/wp\/v2\/media?parent=19"}],"curies":[{"name":"wp","href":"https:\/\/api.w.org\/{rel}","templated":true}]}}