{"id":21,"date":"2024-03-03T09:50:45","date_gmt":"2024-03-03T09:50:45","guid":{"rendered":"http:\/\/193.194.89.189\/lsei_wp\/?page_id=21"},"modified":"2025-09-14T09:51:48","modified_gmt":"2025-09-14T09:51:48","slug":"supervision-diagnostic-et-commande-des-processus-industriels-sdcpi","status":"publish","type":"page","link":"https:\/\/lsei.usthb.dz\/index.php\/supervision-diagnostic-et-commande-des-processus-industriels-sdcpi\/","title":{"rendered":"Equipe 4\u00a0: Supervision, Diagnostic et Commande des Processus industriels (SDCPI)"},"content":{"rendered":"\n<p>Le programme de recherche de l\u2019\u00e9quipe 4 est ax\u00e9 sur les points suivants :<\/p>\n\n\n\n<ul class=\"wp-block-list\">\n<li>Diagnostic des D\u00e9fauts des Convertisseurs Multi-niveaux et\/ou Multicellulaires et sources d\u2019\u00e9nergie \u00e9olienne ;<\/li>\n\n\n\n<li>Mod\u00e9lisation g\u00e9n\u00e9ralis\u00e9e des Machines Asynchrones polyphas\u00e9es ;<\/li>\n\n\n\n<li>Structure de Commande Tol\u00e9rante Passive par Backstepping ;<\/li>\n\n\n\n<li>Impl\u00e9mentation sur circuits FPGA.<\/li>\n<\/ul>\n\n\n\n<p><strong>Membres<\/strong> : 2 Professeurs, 1 MCB, 3 MAA<\/p>\n\n\n\n<p><strong>Chef d\u2019\u00e9quipe\u00a0: <\/strong>Prof. Abdelkader LARABI<\/p>\n\n\n\n<p><\/p>\n\n\n\n<p><\/p>\n","protected":false},"excerpt":{"rendered":"<p>Le programme de recherche de l\u2019\u00e9quipe 4 est ax\u00e9 sur <span class=\"readmore\"><a href=\"https:\/\/lsei.usthb.dz\/index.php\/supervision-diagnostic-et-commande-des-processus-industriels-sdcpi\/\"><\/a><\/span><\/p>\n","protected":false},"author":1,"featured_media":115,"parent":0,"menu_order":0,"comment_status":"closed","ping_status":"closed","template":"","meta":{"footnotes":""},"class_list":["post-21","page","type-page","status-publish","has-post-thumbnail","hentry"],"_links":{"self":[{"href":"https:\/\/lsei.usthb.dz\/index.php\/wp-json\/wp\/v2\/pages\/21","targetHints":{"allow":["GET"]}}],"collection":[{"href":"https:\/\/lsei.usthb.dz\/index.php\/wp-json\/wp\/v2\/pages"}],"about":[{"href":"https:\/\/lsei.usthb.dz\/index.php\/wp-json\/wp\/v2\/types\/page"}],"author":[{"embeddable":true,"href":"https:\/\/lsei.usthb.dz\/index.php\/wp-json\/wp\/v2\/users\/1"}],"replies":[{"embeddable":true,"href":"https:\/\/lsei.usthb.dz\/index.php\/wp-json\/wp\/v2\/comments?post=21"}],"version-history":[{"count":6,"href":"https:\/\/lsei.usthb.dz\/index.php\/wp-json\/wp\/v2\/pages\/21\/revisions"}],"predecessor-version":[{"id":464,"href":"https:\/\/lsei.usthb.dz\/index.php\/wp-json\/wp\/v2\/pages\/21\/revisions\/464"}],"wp:featuredmedia":[{"embeddable":true,"href":"https:\/\/lsei.usthb.dz\/index.php\/wp-json\/wp\/v2\/media\/115"}],"wp:attachment":[{"href":"https:\/\/lsei.usthb.dz\/index.php\/wp-json\/wp\/v2\/media?parent=21"}],"curies":[{"name":"wp","href":"https:\/\/api.w.org\/{rel}","templated":true}]}}