{"id":23,"date":"2024-03-03T09:51:51","date_gmt":"2024-03-03T09:51:51","guid":{"rendered":"http:\/\/193.194.89.189\/lsei_wp\/?page_id=23"},"modified":"2025-09-14T09:47:23","modified_gmt":"2025-09-14T09:47:23","slug":"modelisation-et-controle-des-systemes-dynamiques-complexes-mcsdc","status":"publish","type":"page","link":"https:\/\/lsei.usthb.dz\/index.php\/modelisation-et-controle-des-systemes-dynamiques-complexes-mcsdc\/","title":{"rendered":"Equipe 3\u00a0: Mod\u00e9lisation et Contr\u00f4le des Syst\u00e8mes Dynamiques Complexes (MCSDC)"},"content":{"rendered":"\n<p>Les axes de recherche de cette \u00e9quipe sont orient\u00e9s vers :<\/p>\n\n\n\n<ul class=\"wp-block-list\">\n<li>SMART Building et SMART City ;<\/li>\n\n\n\n<li>Pilotage des proc\u00e9d\u00e9s dynamiques complexes ;<\/li>\n\n\n\n<li>Mod\u00e9lisation et contr\u00f4le actifs et passifs des structures articul\u00e9es ;<\/li>\n\n\n\n<li>Conception et commande des b\u00e2timents intelligents ;<\/li>\n\n\n\n<li>D\u00e9veloppement de nouvelles strat\u00e9gies de commande ;<\/li>\n\n\n\n<li>Application de l\u2019automatique moderne en industrie ;<\/li>\n\n\n\n<li>Identification et commande des syst\u00e8mes de puissance.<\/li>\n<\/ul>\n\n\n\n<p><strong>Membres<\/strong> : 3 Professeurs, 3 MCB<\/p>\n\n\n\n<p><strong>Chef d\u2019\u00e9quipe\u00a0: <\/strong>Prof. Mourad HASNI<\/p>\n\n\n\n<p>&nbsp;<\/p>\n","protected":false},"excerpt":{"rendered":"<p>Les axes de recherche de cette \u00e9quipe sont orient\u00e9s vers <span class=\"readmore\"><a href=\"https:\/\/lsei.usthb.dz\/index.php\/modelisation-et-controle-des-systemes-dynamiques-complexes-mcsdc\/\"><\/a><\/span><\/p>\n","protected":false},"author":1,"featured_media":113,"parent":0,"menu_order":0,"comment_status":"closed","ping_status":"closed","template":"","meta":{"footnotes":""},"class_list":["post-23","page","type-page","status-publish","has-post-thumbnail","hentry"],"_links":{"self":[{"href":"https:\/\/lsei.usthb.dz\/index.php\/wp-json\/wp\/v2\/pages\/23","targetHints":{"allow":["GET"]}}],"collection":[{"href":"https:\/\/lsei.usthb.dz\/index.php\/wp-json\/wp\/v2\/pages"}],"about":[{"href":"https:\/\/lsei.usthb.dz\/index.php\/wp-json\/wp\/v2\/types\/page"}],"author":[{"embeddable":true,"href":"https:\/\/lsei.usthb.dz\/index.php\/wp-json\/wp\/v2\/users\/1"}],"replies":[{"embeddable":true,"href":"https:\/\/lsei.usthb.dz\/index.php\/wp-json\/wp\/v2\/comments?post=23"}],"version-history":[{"count":7,"href":"https:\/\/lsei.usthb.dz\/index.php\/wp-json\/wp\/v2\/pages\/23\/revisions"}],"predecessor-version":[{"id":461,"href":"https:\/\/lsei.usthb.dz\/index.php\/wp-json\/wp\/v2\/pages\/23\/revisions\/461"}],"wp:featuredmedia":[{"embeddable":true,"href":"https:\/\/lsei.usthb.dz\/index.php\/wp-json\/wp\/v2\/media\/113"}],"wp:attachment":[{"href":"https:\/\/lsei.usthb.dz\/index.php\/wp-json\/wp\/v2\/media?parent=23"}],"curies":[{"name":"wp","href":"https:\/\/api.w.org\/{rel}","templated":true}]}}