{"id":25,"date":"2024-03-03T09:53:01","date_gmt":"2024-03-03T09:53:01","guid":{"rendered":"http:\/\/193.194.89.189\/lsei_wp\/?page_id=25"},"modified":"2025-09-10T09:59:40","modified_gmt":"2025-09-10T09:59:40","slug":"alimentation-statique-et-commande-numerique-des-machines-electriques-ascnme","status":"publish","type":"page","link":"https:\/\/lsei.usthb.dz\/index.php\/alimentation-statique-et-commande-numerique-des-machines-electriques-ascnme\/","title":{"rendered":"Equipe 2 : Alimentation Statique et Commande Num\u00e9rique des Machines Electriques (ASCNME)"},"content":{"rendered":"\n<p>Les th\u00e9matiques de recherches de l\u2019\u00e9quipe N\u00b02 sont orient\u00e9es beaucoup plus vers les entrainements \u00e0 vitesse variable et en particulier : la g\u00e9n\u00e9ration de puissance \u00e0 vitesse variable (GVV) et les entrainements \u00e9lectriques (ex: la traction).<br>Les points importants&nbsp;:<\/p>\n\n\n\n<ul class=\"wp-block-list\">\n<li>G\u00e9n\u00e9ration de puissance \u00e0 vitesse variable (GVV) et dimensionnement des structures des convertisseurs statiques ;<\/li>\n\n\n\n<li>Commande des syst\u00e8mes \u00e0 \u00e9nergies renouvelables (PV et \u00e9olien) ;<\/li>\n\n\n\n<li>Mod\u00e9lisation et optimisation des syst\u00e8mes d\u2019entra\u00eenement \u00e9lectriques, associ\u00e9es \u00e0 l\u2019intelligence artificielle ;<\/li>\n\n\n\n<li>Commandes avanc\u00e9es des syst\u00e8mes de traction \u00e9letrique ;<\/li>\n\n\n\n<li>Simulation de type Hardware In the Loop et Processor In the Loop.<\/li>\n\n\n\n<li>Maintenance industrielle .<\/li>\n<\/ul>\n\n\n\n<p><strong>Membres<\/strong> : 3 Professeurs, 1 MCA , 2 MCB<\/p>\n\n\n\n<p><strong>Chef d\u2019\u00e9quipe\u00a0: <\/strong>Prof. Krim YAZID<\/p>\n\n\n\n<p><\/p>\n\n\n\n<p><\/p>\n","protected":false},"excerpt":{"rendered":"<p>Les th\u00e9matiques de recherches de l\u2019\u00e9quipe N\u00b02 sont orient\u00e9es beaucoup <span class=\"readmore\"><a href=\"https:\/\/lsei.usthb.dz\/index.php\/alimentation-statique-et-commande-numerique-des-machines-electriques-ascnme\/\"><\/a><\/span><\/p>\n","protected":false},"author":1,"featured_media":89,"parent":0,"menu_order":0,"comment_status":"closed","ping_status":"closed","template":"","meta":{"footnotes":""},"class_list":["post-25","page","type-page","status-publish","has-post-thumbnail","hentry"],"_links":{"self":[{"href":"https:\/\/lsei.usthb.dz\/index.php\/wp-json\/wp\/v2\/pages\/25","targetHints":{"allow":["GET"]}}],"collection":[{"href":"https:\/\/lsei.usthb.dz\/index.php\/wp-json\/wp\/v2\/pages"}],"about":[{"href":"https:\/\/lsei.usthb.dz\/index.php\/wp-json\/wp\/v2\/types\/page"}],"author":[{"embeddable":true,"href":"https:\/\/lsei.usthb.dz\/index.php\/wp-json\/wp\/v2\/users\/1"}],"replies":[{"embeddable":true,"href":"https:\/\/lsei.usthb.dz\/index.php\/wp-json\/wp\/v2\/comments?post=25"}],"version-history":[{"count":8,"href":"https:\/\/lsei.usthb.dz\/index.php\/wp-json\/wp\/v2\/pages\/25\/revisions"}],"predecessor-version":[{"id":458,"href":"https:\/\/lsei.usthb.dz\/index.php\/wp-json\/wp\/v2\/pages\/25\/revisions\/458"}],"wp:featuredmedia":[{"embeddable":true,"href":"https:\/\/lsei.usthb.dz\/index.php\/wp-json\/wp\/v2\/media\/89"}],"wp:attachment":[{"href":"https:\/\/lsei.usthb.dz\/index.php\/wp-json\/wp\/v2\/media?parent=25"}],"curies":[{"name":"wp","href":"https:\/\/api.w.org\/{rel}","templated":true}]}}