{"id":27,"date":"2024-03-03T09:54:13","date_gmt":"2024-03-03T09:54:13","guid":{"rendered":"http:\/\/193.194.89.189\/lsei_wp\/?page_id=27"},"modified":"2025-09-07T10:53:40","modified_gmt":"2025-09-07T10:53:40","slug":"analyse-et-conduite-des-reseaux-electriques-acre","status":"publish","type":"page","link":"https:\/\/lsei.usthb.dz\/index.php\/analyse-et-conduite-des-reseaux-electriques-acre\/","title":{"rendered":"Equipe 1 : Analyse et Conduite des R\u00e9seaux Electriques (ACRE)"},"content":{"rendered":"\n<p>Les axes de recherches de l\u2019\u00e9quipe N\u00b01 sont orient\u00e9s :<\/p>\n\n\n\n<ul class=\"wp-block-list\">\n<li>Int\u00e9gration des sources renouvelables ;<\/li>\n\n\n\n<li>SMART grid ;<\/li>\n\n\n\n<li>Stabilit\u00e9 des r\u00e9seaux \u00e9lectriques de transport et de distribution ;<\/li>\n\n\n\n<li>March\u00e9 de l\u2019\u00e9lectricit\u00e9 ;<\/li>\n\n\n\n<li>D\u00e9veloppement de logiciels pour la caract\u00e9risation, l\u2019identification, la conception, l&rsquo;analyse, la surveillance et la commande\/gestion des syst\u00e8mes d\u2019\u00e9nergie \u00e9lectrique.<\/li>\n<\/ul>\n\n\n\n<p><strong>Membres<\/strong> : 2 Professeurs, 1 MRA; 3 MCA , 08 MCB<\/p>\n\n\n\n<p><strong>Chef d\u2019\u00e9quipe\u00a0: <\/strong>Prof. Mohamed BOUDOUR<\/p>\n\n\n\n<p><\/p>\n\n\n\n<p><\/p>\n","protected":false},"excerpt":{"rendered":"<p>Les axes de recherches de l\u2019\u00e9quipe N\u00b01 sont orient\u00e9s : <span class=\"readmore\"><a href=\"https:\/\/lsei.usthb.dz\/index.php\/analyse-et-conduite-des-reseaux-electriques-acre\/\"><\/a><\/span><\/p>\n","protected":false},"author":1,"featured_media":111,"parent":0,"menu_order":0,"comment_status":"closed","ping_status":"closed","template":"","meta":{"footnotes":""},"class_list":["post-27","page","type-page","status-publish","has-post-thumbnail","hentry"],"_links":{"self":[{"href":"https:\/\/lsei.usthb.dz\/index.php\/wp-json\/wp\/v2\/pages\/27","targetHints":{"allow":["GET"]}}],"collection":[{"href":"https:\/\/lsei.usthb.dz\/index.php\/wp-json\/wp\/v2\/pages"}],"about":[{"href":"https:\/\/lsei.usthb.dz\/index.php\/wp-json\/wp\/v2\/types\/page"}],"author":[{"embeddable":true,"href":"https:\/\/lsei.usthb.dz\/index.php\/wp-json\/wp\/v2\/users\/1"}],"replies":[{"embeddable":true,"href":"https:\/\/lsei.usthb.dz\/index.php\/wp-json\/wp\/v2\/comments?post=27"}],"version-history":[{"count":10,"href":"https:\/\/lsei.usthb.dz\/index.php\/wp-json\/wp\/v2\/pages\/27\/revisions"}],"predecessor-version":[{"id":455,"href":"https:\/\/lsei.usthb.dz\/index.php\/wp-json\/wp\/v2\/pages\/27\/revisions\/455"}],"wp:featuredmedia":[{"embeddable":true,"href":"https:\/\/lsei.usthb.dz\/index.php\/wp-json\/wp\/v2\/media\/111"}],"wp:attachment":[{"href":"https:\/\/lsei.usthb.dz\/index.php\/wp-json\/wp\/v2\/media?parent=27"}],"curies":[{"name":"wp","href":"https:\/\/api.w.org\/{rel}","templated":true}]}}