{"id":29,"date":"2024-03-03T09:56:04","date_gmt":"2024-03-03T09:56:04","guid":{"rendered":"http:\/\/193.194.89.189\/lsei_wp\/?page_id=29"},"modified":"2025-09-14T09:57:10","modified_gmt":"2025-09-14T09:57:10","slug":"modelisation-des-decharges-electriques-mde","status":"publish","type":"page","link":"https:\/\/lsei.usthb.dz\/index.php\/modelisation-des-decharges-electriques-mde\/","title":{"rendered":"Equipe 6\u00a0: Mod\u00e9lisation des D\u00e9charges Electriques (MDE)"},"content":{"rendered":"\n<p>L&rsquo;\u00e9quipe de recherche se fixe comme objectif :<\/p>\n\n\n\n<ul class=\"wp-block-list\">\n<li>L&rsquo;\u00e9laboration de mod\u00e8les permettant de r\u00e9duire le nombre d&rsquo;essais n\u00e9cessaires pour la validation d&rsquo;un syst\u00e8me isolant ;<\/li>\n\n\n\n<li>L\u2019\u00e9tude des probl\u00e8mes de la Compatibilit\u00e9 Magn\u00e9tique dans les dispositifs \u00e9lectriques;<\/li>\n\n\n\n<li>L\u2019\u00e9tude des ph\u00e9nom\u00e8nes de vieillissement des di\u00e9lectriques.<\/li>\n<\/ul>\n\n\n\n<p><strong>Membres<\/strong> : 1 Professeur, 1 MCA, 6 MCB<\/p>\n\n\n\n<p><strong>Chef d\u2019\u00e9quipe\u00a0: <\/strong>Prof. Slimane BOUZABIA<\/p>\n\n\n\n<p><\/p>\n","protected":false},"excerpt":{"rendered":"<p>L&rsquo;\u00e9quipe de recherche se fixe comme objectif : Membres : <span class=\"readmore\"><a href=\"https:\/\/lsei.usthb.dz\/index.php\/modelisation-des-decharges-electriques-mde\/\"><\/a><\/span><\/p>\n","protected":false},"author":1,"featured_media":112,"parent":0,"menu_order":0,"comment_status":"closed","ping_status":"closed","template":"","meta":{"footnotes":""},"class_list":["post-29","page","type-page","status-publish","has-post-thumbnail","hentry"],"_links":{"self":[{"href":"https:\/\/lsei.usthb.dz\/index.php\/wp-json\/wp\/v2\/pages\/29","targetHints":{"allow":["GET"]}}],"collection":[{"href":"https:\/\/lsei.usthb.dz\/index.php\/wp-json\/wp\/v2\/pages"}],"about":[{"href":"https:\/\/lsei.usthb.dz\/index.php\/wp-json\/wp\/v2\/types\/page"}],"author":[{"embeddable":true,"href":"https:\/\/lsei.usthb.dz\/index.php\/wp-json\/wp\/v2\/users\/1"}],"replies":[{"embeddable":true,"href":"https:\/\/lsei.usthb.dz\/index.php\/wp-json\/wp\/v2\/comments?post=29"}],"version-history":[{"count":4,"href":"https:\/\/lsei.usthb.dz\/index.php\/wp-json\/wp\/v2\/pages\/29\/revisions"}],"predecessor-version":[{"id":467,"href":"https:\/\/lsei.usthb.dz\/index.php\/wp-json\/wp\/v2\/pages\/29\/revisions\/467"}],"wp:featuredmedia":[{"embeddable":true,"href":"https:\/\/lsei.usthb.dz\/index.php\/wp-json\/wp\/v2\/media\/112"}],"wp:attachment":[{"href":"https:\/\/lsei.usthb.dz\/index.php\/wp-json\/wp\/v2\/media?parent=29"}],"curies":[{"name":"wp","href":"https:\/\/api.w.org\/{rel}","templated":true}]}}