{"id":7,"date":"2024-03-03T09:23:55","date_gmt":"2024-03-03T09:23:55","guid":{"rendered":"http:\/\/193.194.89.189\/lsei_wp\/?page_id=7"},"modified":"2025-07-17T09:17:37","modified_gmt":"2025-07-17T09:17:37","slug":"equipes-de-recherche","status":"publish","type":"page","link":"https:\/\/lsei.usthb.dz\/index.php\/equipes-de-recherche\/","title":{"rendered":"Equipes de Recherche"},"content":{"rendered":"\n<p>Le LSEI compte&nbsp;6 \u00e9quipes de recherches&nbsp;constitu\u00e9s d\u2019une cinquantaine d\u2019enseignants-chercheurs permanents de diff\u00e9rents grade de recherche et de plus de quatre-vingt dix doctorants s\u2019ajout\u00e9 \u00e0 cela une TS en informatique.<\/p>\n\n\n\n<p><a href=\"https:\/\/lsei.usthb.dz\/index.php\/analyse-et-conduite-des-reseaux-electriques-acre\/\">Equipe 1 : Analyse et Conduite des R\u00e9seaux Electriques (ACRE)<\/a><\/p>\n\n\n\n<p><a href=\"https:\/\/lsei.usthb.dz\/index.php\/alimentation-statique-et-commande-numerique-des-machines-electriques-ascnme\/\">Equipe 2 : Alimentation Statique et Commande Num\u00e9rique des Machines Electriques (ASCNME)<\/a><\/p>\n\n\n\n<p><a href=\"https:\/\/lsei.usthb.dz\/index.php\/modelisation-et-controle-des-systemes-dynamiques-complexes-mcsdc\/\">Equipe 3\u00a0: Mod\u00e9lisation et Contr\u00f4le des Syst\u00e8mes Dynamiques Complexes (MCSDC)<\/a><\/p>\n\n\n\n<p><a href=\"https:\/\/lsei.usthb.dz\/index.php\/supervision-diagnostic-et-commande-des-processus-industriels-sdcpi\/\">Equipe 4\u00a0: Supervision, Diagnostic et Commande des Processus industriels (SDCPI)<\/a><\/p>\n\n\n\n<p><a href=\"https:\/\/lsei.usthb.dz\/index.php\/conception-des-machines-electriques-cme\/\">Equipe 5\u00a0: Conception des machines \u00e9lectriques (CME)<\/a><\/p>\n\n\n\n<p><a href=\"https:\/\/lsei.usthb.dz\/index.php\/modelisation-des-decharges-electriques-mde\/\">Equipe 6\u00a0: Mod\u00e9lisation des D\u00e9charges Electriques (MDE)<\/a><\/p>\n\n\n\n<p class=\"has-normal-font-size\"><\/p>\n\n\n\n<p><\/p>\n","protected":false},"excerpt":{"rendered":"<p>Le LSEI compte&nbsp;6 \u00e9quipes de recherches&nbsp;constitu\u00e9s d\u2019une cinquantaine d\u2019enseignants-chercheurs permanents <span class=\"readmore\"><a href=\"https:\/\/lsei.usthb.dz\/index.php\/equipes-de-recherche\/\"><\/a><\/span><\/p>\n","protected":false},"author":1,"featured_media":0,"parent":0,"menu_order":0,"comment_status":"closed","ping_status":"closed","template":"","meta":{"footnotes":""},"class_list":["post-7","page","type-page","status-publish","hentry"],"_links":{"self":[{"href":"https:\/\/lsei.usthb.dz\/index.php\/wp-json\/wp\/v2\/pages\/7","targetHints":{"allow":["GET"]}}],"collection":[{"href":"https:\/\/lsei.usthb.dz\/index.php\/wp-json\/wp\/v2\/pages"}],"about":[{"href":"https:\/\/lsei.usthb.dz\/index.php\/wp-json\/wp\/v2\/types\/page"}],"author":[{"embeddable":true,"href":"https:\/\/lsei.usthb.dz\/index.php\/wp-json\/wp\/v2\/users\/1"}],"replies":[{"embeddable":true,"href":"https:\/\/lsei.usthb.dz\/index.php\/wp-json\/wp\/v2\/comments?post=7"}],"version-history":[{"count":22,"href":"https:\/\/lsei.usthb.dz\/index.php\/wp-json\/wp\/v2\/pages\/7\/revisions"}],"predecessor-version":[{"id":243,"href":"https:\/\/lsei.usthb.dz\/index.php\/wp-json\/wp\/v2\/pages\/7\/revisions\/243"}],"wp:attachment":[{"href":"https:\/\/lsei.usthb.dz\/index.php\/wp-json\/wp\/v2\/media?parent=7"}],"curies":[{"name":"wp","href":"https:\/\/api.w.org\/{rel}","templated":true}]}}